{"id":2706,"date":"2019-04-17T14:36:56","date_gmt":"2019-04-17T12:36:56","guid":{"rendered":"http:\/\/www.dfrostsurfandyoga.com\/?page_id=2706"},"modified":"2026-04-07T09:47:32","modified_gmt":"2026-04-07T07:47:32","slug":"taghazout-yoga","status":"publish","type":"page","link":"https:\/\/www.dfrostsurfandyoga.com\/de\/taghazout-yoga","title":{"rendered":"Taghazout Yoga im Seaside"},"content":{"rendered":"<h2><b>Yoga Shala \u2013 Flow mit Ocean Energy<\/b><b><\/b><\/h2>\n<p>Ab September 2026 steht dir unser neu renoviertes Yoga Shala im Seaside Boutique Hotel zur Verf\u00fcgung \u2013 ein moderner, geschlossener Raum mit Klimaanlage f\u00fcr maximalen Komfort und gleichzeitig der M\u00f6glichkeit, die Fenster zu \u00f6ffnen, um ein flie\u00dfendes Indoor-Outdoor Gef\u00fchl mit Meeresbrise zu erleben.<\/p>\n<p>Das Shala ist voll ausgestattet mit:<\/p>\n<ul>\n<li>hochwertigen Yoga Matten<\/li>\n<li>Bl\u00f6cken &amp; Gurten<\/li>\n<li>Decken &amp; Kissen<\/li>\n<li>Neu: Aerial Yoga Setup <i>(optional zubuchbar, nicht im Yoga Paket inkludiert)<\/i><i><\/i><\/li>\n<\/ul>\n<p>Auch G\u00e4ste der Taghazout Villa nehmen hier an allen Yoga Sessions teil \u2013 alles ist nur wenige Schritte entfernt und Teil des gesamten Dfrost Erlebnisses.<\/p>\n","protected":false},"excerpt":{"rendered":"<p>Yoga Shala \u2013 Flow mit Ocean Energy Ab September 2026 steht dir unser neu renoviertes Yoga Shala im Seaside Boutique Hotel zur Verf\u00fcgung \u2013 ein moderner, geschlossener Raum mit Klimaanlage f\u00fcr maximalen Komfort und gleichzeitig der M\u00f6glichkeit, die Fenster zu \u00f6ffnen, um ein flie\u00dfendes Indoor-Outdoor Gef\u00fchl mit Meeresbrise zu erleben. Das Shala ist voll ausgestattet [&hellip;]<\/p>\n","protected":false},"author":3,"featured_media":0,"parent":0,"menu_order":0,"comment_status":"closed","ping_status":"closed","template":"","meta":{"_acf_changed":false,"footnotes":""},"class_list":["post-2706","page","type-page","status-publish","hentry"],"acf":[],"yoast_head":"<!-- This site is optimized with the Yoast SEO plugin v27.3 - https:\/\/yoast.com\/product\/yoast-seo-wordpress\/ -->\n<title>Taghazout Yoga - DFrost Almugar Surf &amp; Yoga in Marokko<\/title>\n<meta name=\"description\" content=\"Taghazout Yoga heisst: Genie\u00dfe t\u00e4glich 60-min\u00fctige Yoga-Kurse, Vinyasa und Yin-Stil auf unserer Panorama Dachterrasse \u201cYoga-Shala\u201d.\" \/>\n<meta name=\"robots\" content=\"index, follow, max-snippet:-1, max-image-preview:large, max-video-preview:-1\" \/>\n<link rel=\"canonical\" href=\"https:\/\/www.dfrostsurfandyoga.com\/de\/taghazout-yoga\" \/>\n<meta property=\"og:locale\" content=\"de_DE\" \/>\n<meta property=\"og:type\" content=\"article\" \/>\n<meta property=\"og:title\" content=\"Taghazout Yoga - DFrost Almugar Surf &amp; Yoga in Marokko\" \/>\n<meta property=\"og:description\" content=\"Taghazout Yoga heisst: Genie\u00dfe t\u00e4glich 60-min\u00fctige Yoga-Kurse, Vinyasa und Yin-Stil auf unserer Panorama Dachterrasse \u201cYoga-Shala\u201d.\" \/>\n<meta property=\"og:url\" content=\"https:\/\/www.dfrostsurfandyoga.com\/de\/taghazout-yoga\" \/>\n<meta property=\"og:site_name\" content=\"DFrost Almugar Surf &amp; Yoga\" \/>\n<meta property=\"article:modified_time\" content=\"2026-04-07T07:47:32+00:00\" \/>\n<meta name=\"twitter:card\" content=\"summary_large_image\" \/>\n<meta name=\"twitter:label1\" content=\"Gesch\u00e4tzte Lesezeit\" \/>\n\t<meta name=\"twitter:data1\" content=\"3\u00a0Minuten\" \/>\n<script type=\"application\/ld+json\" class=\"yoast-schema-graph\">{\"@context\":\"https:\\\/\\\/schema.org\",\"@graph\":[{\"@type\":\"WebPage\",\"@id\":\"https:\\\/\\\/www.dfrostsurfandyoga.com\\\/de\\\/taghazout-yoga\",\"url\":\"https:\\\/\\\/www.dfrostsurfandyoga.com\\\/de\\\/taghazout-yoga\",\"name\":\"Taghazout Yoga - DFrost Almugar Surf & Yoga in Marokko\",\"isPartOf\":{\"@id\":\"https:\\\/\\\/www.dfrostsurfandyoga.com\\\/de#website\"},\"datePublished\":\"2019-04-17T12:36:56+00:00\",\"dateModified\":\"2026-04-07T07:47:32+00:00\",\"description\":\"Taghazout Yoga heisst: Genie\u00dfe t\u00e4glich 60-min\u00fctige Yoga-Kurse, Vinyasa und Yin-Stil auf unserer Panorama Dachterrasse \u201cYoga-Shala\u201d.\",\"breadcrumb\":{\"@id\":\"https:\\\/\\\/www.dfrostsurfandyoga.com\\\/de\\\/taghazout-yoga#breadcrumb\"},\"inLanguage\":\"de\",\"potentialAction\":[{\"@type\":\"ReadAction\",\"target\":[\"https:\\\/\\\/www.dfrostsurfandyoga.com\\\/de\\\/taghazout-yoga\"]}]},{\"@type\":\"BreadcrumbList\",\"@id\":\"https:\\\/\\\/www.dfrostsurfandyoga.com\\\/de\\\/taghazout-yoga#breadcrumb\",\"itemListElement\":[{\"@type\":\"ListItem\",\"position\":1,\"name\":\"Home\",\"item\":\"https:\\\/\\\/www.dfrostsurfandyoga.com\\\/de\"},{\"@type\":\"ListItem\",\"position\":2,\"name\":\"Taghazout Yoga im Seaside\"}]},{\"@type\":\"WebSite\",\"@id\":\"https:\\\/\\\/www.dfrostsurfandyoga.com\\\/de#website\",\"url\":\"https:\\\/\\\/www.dfrostsurfandyoga.com\\\/de\",\"name\":\"DFrost Almugar Surf &amp; Yoga\",\"description\":\"\",\"potentialAction\":[{\"@type\":\"SearchAction\",\"target\":{\"@type\":\"EntryPoint\",\"urlTemplate\":\"https:\\\/\\\/www.dfrostsurfandyoga.com\\\/de?s={search_term_string}\"},\"query-input\":{\"@type\":\"PropertyValueSpecification\",\"valueRequired\":true,\"valueName\":\"search_term_string\"}}],\"inLanguage\":\"de\"}]}<\/script>\n<!-- \/ Yoast SEO plugin. -->","yoast_head_json":{"title":"Taghazout Yoga - DFrost Almugar Surf & Yoga in Marokko","description":"Taghazout Yoga heisst: Genie\u00dfe t\u00e4glich 60-min\u00fctige Yoga-Kurse, Vinyasa und Yin-Stil auf unserer Panorama Dachterrasse \u201cYoga-Shala\u201d.","robots":{"index":"index","follow":"follow","max-snippet":"max-snippet:-1","max-image-preview":"max-image-preview:large","max-video-preview":"max-video-preview:-1"},"canonical":"https:\/\/www.dfrostsurfandyoga.com\/de\/taghazout-yoga","og_locale":"de_DE","og_type":"article","og_title":"Taghazout Yoga - DFrost Almugar Surf & Yoga in Marokko","og_description":"Taghazout Yoga heisst: Genie\u00dfe t\u00e4glich 60-min\u00fctige Yoga-Kurse, Vinyasa und Yin-Stil auf unserer Panorama Dachterrasse \u201cYoga-Shala\u201d.","og_url":"https:\/\/www.dfrostsurfandyoga.com\/de\/taghazout-yoga","og_site_name":"DFrost Almugar Surf &amp; Yoga","article_modified_time":"2026-04-07T07:47:32+00:00","twitter_card":"summary_large_image","twitter_misc":{"Gesch\u00e4tzte Lesezeit":"3\u00a0Minuten"},"schema":{"@context":"https:\/\/schema.org","@graph":[{"@type":"WebPage","@id":"https:\/\/www.dfrostsurfandyoga.com\/de\/taghazout-yoga","url":"https:\/\/www.dfrostsurfandyoga.com\/de\/taghazout-yoga","name":"Taghazout Yoga - DFrost Almugar Surf & Yoga in Marokko","isPartOf":{"@id":"https:\/\/www.dfrostsurfandyoga.com\/de#website"},"datePublished":"2019-04-17T12:36:56+00:00","dateModified":"2026-04-07T07:47:32+00:00","description":"Taghazout Yoga heisst: Genie\u00dfe t\u00e4glich 60-min\u00fctige Yoga-Kurse, Vinyasa und Yin-Stil auf unserer Panorama Dachterrasse \u201cYoga-Shala\u201d.","breadcrumb":{"@id":"https:\/\/www.dfrostsurfandyoga.com\/de\/taghazout-yoga#breadcrumb"},"inLanguage":"de","potentialAction":[{"@type":"ReadAction","target":["https:\/\/www.dfrostsurfandyoga.com\/de\/taghazout-yoga"]}]},{"@type":"BreadcrumbList","@id":"https:\/\/www.dfrostsurfandyoga.com\/de\/taghazout-yoga#breadcrumb","itemListElement":[{"@type":"ListItem","position":1,"name":"Home","item":"https:\/\/www.dfrostsurfandyoga.com\/de"},{"@type":"ListItem","position":2,"name":"Taghazout Yoga im Seaside"}]},{"@type":"WebSite","@id":"https:\/\/www.dfrostsurfandyoga.com\/de#website","url":"https:\/\/www.dfrostsurfandyoga.com\/de","name":"DFrost Almugar Surf &amp; Yoga","description":"","potentialAction":[{"@type":"SearchAction","target":{"@type":"EntryPoint","urlTemplate":"https:\/\/www.dfrostsurfandyoga.com\/de?s={search_term_string}"},"query-input":{"@type":"PropertyValueSpecification","valueRequired":true,"valueName":"search_term_string"}}],"inLanguage":"de"}]}},"_links":{"self":[{"href":"https:\/\/www.dfrostsurfandyoga.com\/de\/wp-json\/wp\/v2\/pages\/2706","targetHints":{"allow":["GET"]}}],"collection":[{"href":"https:\/\/www.dfrostsurfandyoga.com\/de\/wp-json\/wp\/v2\/pages"}],"about":[{"href":"https:\/\/www.dfrostsurfandyoga.com\/de\/wp-json\/wp\/v2\/types\/page"}],"author":[{"embeddable":true,"href":"https:\/\/www.dfrostsurfandyoga.com\/de\/wp-json\/wp\/v2\/users\/3"}],"replies":[{"embeddable":true,"href":"https:\/\/www.dfrostsurfandyoga.com\/de\/wp-json\/wp\/v2\/comments?post=2706"}],"version-history":[{"count":10,"href":"https:\/\/www.dfrostsurfandyoga.com\/de\/wp-json\/wp\/v2\/pages\/2706\/revisions"}],"predecessor-version":[{"id":7489,"href":"https:\/\/www.dfrostsurfandyoga.com\/de\/wp-json\/wp\/v2\/pages\/2706\/revisions\/7489"}],"wp:attachment":[{"href":"https:\/\/www.dfrostsurfandyoga.com\/de\/wp-json\/wp\/v2\/media?parent=2706"}],"curies":[{"name":"wp","href":"https:\/\/api.w.org\/{rel}","templated":true}]}}