{"id":1790,"date":"2018-11-23T16:10:53","date_gmt":"2018-11-23T15:10:53","guid":{"rendered":"http:\/\/www.dfrostsurfandyoga.com\/location\/villa-surya"},"modified":"2024-10-24T11:15:28","modified_gmt":"2024-10-24T09:15:28","slug":"villa-surya-paradis-plage","status":"publish","type":"page","link":"https:\/\/www.dfrostsurfandyoga.com\/fr\/location\/villa-surya-paradis-plage","title":{"rendered":"Villa Surya"},"content":{"rendered":"","protected":false},"excerpt":{"rendered":"","protected":false},"author":9,"featured_media":0,"parent":1766,"menu_order":0,"comment_status":"closed","ping_status":"closed","template":"","meta":{"_acf_changed":false,"footnotes":""},"class_list":["post-1790","page","type-page","status-publish","hentry"],"acf":[],"yoast_head":"<!-- This site is optimized with the Yoast SEO plugin v27.3 - https:\/\/yoast.com\/product\/yoast-seo-wordpress\/ -->\n<title>Villa Surya Yoga &amp; M\u00e9ditation Paradis Plage - DFrost Almugar<\/title>\n<meta name=\"description\" content=\"La Villa Surya situ\u00e9 a Imi Ouaddar se concentre sur les retraites de Yoga et Meditation, wellness a la c\u00f4te du Maroc\" \/>\n<meta name=\"robots\" content=\"index, follow, max-snippet:-1, max-image-preview:large, max-video-preview:-1\" \/>\n<link rel=\"canonical\" href=\"https:\/\/www.dfrostsurfandyoga.com\/fr\/location\/villa-surya-paradis-plage\" \/>\n<meta property=\"og:locale\" content=\"fr_FR\" \/>\n<meta property=\"og:type\" content=\"article\" \/>\n<meta property=\"og:title\" content=\"Villa Surya Yoga &amp; M\u00e9ditation Paradis Plage - DFrost Almugar\" \/>\n<meta property=\"og:description\" content=\"La Villa Surya situ\u00e9 a Imi Ouaddar se concentre sur les retraites de Yoga et Meditation, wellness a la c\u00f4te du Maroc\" \/>\n<meta property=\"og:url\" content=\"https:\/\/www.dfrostsurfandyoga.com\/fr\/location\/villa-surya-paradis-plage\" \/>\n<meta property=\"og:site_name\" content=\"DFrost Almugar Surf &amp; Yoga\" \/>\n<meta property=\"article:modified_time\" content=\"2024-10-24T09:15:28+00:00\" \/>\n<meta name=\"twitter:card\" content=\"summary_large_image\" \/>\n<meta name=\"twitter:label1\" content=\"Dur\u00e9e de lecture estim\u00e9e\" \/>\n\t<meta name=\"twitter:data1\" content=\"9 minutes\" \/>\n<script type=\"application\/ld+json\" class=\"yoast-schema-graph\">{\"@context\":\"https:\\\/\\\/schema.org\",\"@graph\":[{\"@type\":\"WebPage\",\"@id\":\"https:\\\/\\\/www.dfrostsurfandyoga.com\\\/fr\\\/location\\\/villa-surya-paradis-plage\",\"url\":\"https:\\\/\\\/www.dfrostsurfandyoga.com\\\/fr\\\/location\\\/villa-surya-paradis-plage\",\"name\":\"Villa Surya Yoga & M\u00e9ditation Paradis Plage - DFrost Almugar\",\"isPartOf\":{\"@id\":\"https:\\\/\\\/www.dfrostsurfandyoga.com\\\/fr#website\"},\"datePublished\":\"2018-11-23T15:10:53+00:00\",\"dateModified\":\"2024-10-24T09:15:28+00:00\",\"description\":\"La Villa Surya situ\u00e9 a Imi Ouaddar se concentre sur les retraites de Yoga et Meditation, wellness a la c\u00f4te du Maroc\",\"breadcrumb\":{\"@id\":\"https:\\\/\\\/www.dfrostsurfandyoga.com\\\/fr\\\/location\\\/villa-surya-paradis-plage#breadcrumb\"},\"inLanguage\":\"fr-FR\",\"potentialAction\":[{\"@type\":\"ReadAction\",\"target\":[\"https:\\\/\\\/www.dfrostsurfandyoga.com\\\/fr\\\/location\\\/villa-surya-paradis-plage\"]}]},{\"@type\":\"BreadcrumbList\",\"@id\":\"https:\\\/\\\/www.dfrostsurfandyoga.com\\\/fr\\\/location\\\/villa-surya-paradis-plage#breadcrumb\",\"itemListElement\":[{\"@type\":\"ListItem\",\"position\":1,\"name\":\"Home\",\"item\":\"https:\\\/\\\/www.dfrostsurfandyoga.com\\\/fr\"},{\"@type\":\"ListItem\",\"position\":2,\"name\":\"Location\",\"item\":\"https:\\\/\\\/www.dfrostsurfandyoga.com\\\/fr\\\/location\"},{\"@type\":\"ListItem\",\"position\":3,\"name\":\"Villa Surya\"}]},{\"@type\":\"WebSite\",\"@id\":\"https:\\\/\\\/www.dfrostsurfandyoga.com\\\/fr#website\",\"url\":\"https:\\\/\\\/www.dfrostsurfandyoga.com\\\/fr\",\"name\":\"DFrost Almugar Surf &amp; Yoga\",\"description\":\"\",\"potentialAction\":[{\"@type\":\"SearchAction\",\"target\":{\"@type\":\"EntryPoint\",\"urlTemplate\":\"https:\\\/\\\/www.dfrostsurfandyoga.com\\\/fr?s={search_term_string}\"},\"query-input\":{\"@type\":\"PropertyValueSpecification\",\"valueRequired\":true,\"valueName\":\"search_term_string\"}}],\"inLanguage\":\"fr-FR\"}]}<\/script>\n<!-- \/ Yoast SEO plugin. -->","yoast_head_json":{"title":"Villa Surya Yoga & M\u00e9ditation Paradis Plage - DFrost Almugar","description":"La Villa Surya situ\u00e9 a Imi Ouaddar se concentre sur les retraites de Yoga et Meditation, wellness a la c\u00f4te du Maroc","robots":{"index":"index","follow":"follow","max-snippet":"max-snippet:-1","max-image-preview":"max-image-preview:large","max-video-preview":"max-video-preview:-1"},"canonical":"https:\/\/www.dfrostsurfandyoga.com\/fr\/location\/villa-surya-paradis-plage","og_locale":"fr_FR","og_type":"article","og_title":"Villa Surya Yoga & M\u00e9ditation Paradis Plage - DFrost Almugar","og_description":"La Villa Surya situ\u00e9 a Imi Ouaddar se concentre sur les retraites de Yoga et Meditation, wellness a la c\u00f4te du Maroc","og_url":"https:\/\/www.dfrostsurfandyoga.com\/fr\/location\/villa-surya-paradis-plage","og_site_name":"DFrost Almugar Surf &amp; Yoga","article_modified_time":"2024-10-24T09:15:28+00:00","twitter_card":"summary_large_image","twitter_misc":{"Dur\u00e9e de lecture estim\u00e9e":"9 minutes"},"schema":{"@context":"https:\/\/schema.org","@graph":[{"@type":"WebPage","@id":"https:\/\/www.dfrostsurfandyoga.com\/fr\/location\/villa-surya-paradis-plage","url":"https:\/\/www.dfrostsurfandyoga.com\/fr\/location\/villa-surya-paradis-plage","name":"Villa Surya Yoga & M\u00e9ditation Paradis Plage - DFrost Almugar","isPartOf":{"@id":"https:\/\/www.dfrostsurfandyoga.com\/fr#website"},"datePublished":"2018-11-23T15:10:53+00:00","dateModified":"2024-10-24T09:15:28+00:00","description":"La Villa Surya situ\u00e9 a Imi Ouaddar se concentre sur les retraites de Yoga et Meditation, wellness a la c\u00f4te du Maroc","breadcrumb":{"@id":"https:\/\/www.dfrostsurfandyoga.com\/fr\/location\/villa-surya-paradis-plage#breadcrumb"},"inLanguage":"fr-FR","potentialAction":[{"@type":"ReadAction","target":["https:\/\/www.dfrostsurfandyoga.com\/fr\/location\/villa-surya-paradis-plage"]}]},{"@type":"BreadcrumbList","@id":"https:\/\/www.dfrostsurfandyoga.com\/fr\/location\/villa-surya-paradis-plage#breadcrumb","itemListElement":[{"@type":"ListItem","position":1,"name":"Home","item":"https:\/\/www.dfrostsurfandyoga.com\/fr"},{"@type":"ListItem","position":2,"name":"Location","item":"https:\/\/www.dfrostsurfandyoga.com\/fr\/location"},{"@type":"ListItem","position":3,"name":"Villa Surya"}]},{"@type":"WebSite","@id":"https:\/\/www.dfrostsurfandyoga.com\/fr#website","url":"https:\/\/www.dfrostsurfandyoga.com\/fr","name":"DFrost Almugar Surf &amp; Yoga","description":"","potentialAction":[{"@type":"SearchAction","target":{"@type":"EntryPoint","urlTemplate":"https:\/\/www.dfrostsurfandyoga.com\/fr?s={search_term_string}"},"query-input":{"@type":"PropertyValueSpecification","valueRequired":true,"valueName":"search_term_string"}}],"inLanguage":"fr-FR"}]}},"_links":{"self":[{"href":"https:\/\/www.dfrostsurfandyoga.com\/fr\/wp-json\/wp\/v2\/pages\/1790","targetHints":{"allow":["GET"]}}],"collection":[{"href":"https:\/\/www.dfrostsurfandyoga.com\/fr\/wp-json\/wp\/v2\/pages"}],"about":[{"href":"https:\/\/www.dfrostsurfandyoga.com\/fr\/wp-json\/wp\/v2\/types\/page"}],"author":[{"embeddable":true,"href":"https:\/\/www.dfrostsurfandyoga.com\/fr\/wp-json\/wp\/v2\/users\/9"}],"replies":[{"embeddable":true,"href":"https:\/\/www.dfrostsurfandyoga.com\/fr\/wp-json\/wp\/v2\/comments?post=1790"}],"version-history":[{"count":17,"href":"https:\/\/www.dfrostsurfandyoga.com\/fr\/wp-json\/wp\/v2\/pages\/1790\/revisions"}],"predecessor-version":[{"id":5095,"href":"https:\/\/www.dfrostsurfandyoga.com\/fr\/wp-json\/wp\/v2\/pages\/1790\/revisions\/5095"}],"up":[{"embeddable":true,"href":"https:\/\/www.dfrostsurfandyoga.com\/fr\/wp-json\/wp\/v2\/pages\/1766"}],"wp:attachment":[{"href":"https:\/\/www.dfrostsurfandyoga.com\/fr\/wp-json\/wp\/v2\/media?parent=1790"}],"curies":[{"name":"wp","href":"https:\/\/api.w.org\/{rel}","templated":true}]}}