{"id":1824,"date":"2018-11-23T15:37:12","date_gmt":"2018-11-23T14:37:12","guid":{"rendered":"http:\/\/www.dfrostsurfandyoga.com\/das-team"},"modified":"2025-05-21T11:38:43","modified_gmt":"2025-05-21T09:38:43","slug":"equipe","status":"publish","type":"page","link":"https:\/\/www.dfrostsurfandyoga.com\/fr\/equipe","title":{"rendered":"\u00c9quipe"},"content":{"rendered":"","protected":false},"excerpt":{"rendered":"","protected":false},"author":9,"featured_media":0,"parent":0,"menu_order":0,"comment_status":"closed","ping_status":"closed","template":"","meta":{"_acf_changed":false,"footnotes":""},"class_list":["post-1824","page","type-page","status-publish","hentry"],"acf":[],"yoast_head":"<!-- This site is optimized with the Yoast SEO plugin v27.3 - https:\/\/yoast.com\/product\/yoast-seo-wordpress\/ -->\n<title>L&#039;\u00c9quipe | DFrost Almugar Surf &amp; Yoga au Maroc<\/title>\n<meta name=\"description\" content=\"Nous sommes comme une grande famille - qu&#039;il s&#039;agisse de locaux, de voyageurs ou de famille. Apprenez \u00e0 conna\u00eetre notre \u00e9quipe multiculturelle maintenant.\" \/>\n<meta name=\"robots\" content=\"index, follow, max-snippet:-1, max-image-preview:large, max-video-preview:-1\" \/>\n<link rel=\"canonical\" href=\"https:\/\/www.dfrostsurfandyoga.com\/fr\/equipe\" \/>\n<meta property=\"og:locale\" content=\"fr_FR\" \/>\n<meta property=\"og:type\" content=\"article\" \/>\n<meta property=\"og:title\" content=\"L&#039;\u00c9quipe | DFrost Almugar Surf &amp; Yoga au Maroc\" \/>\n<meta property=\"og:description\" content=\"Nous sommes comme une grande famille - qu&#039;il s&#039;agisse de locaux, de voyageurs ou de famille. Apprenez \u00e0 conna\u00eetre notre \u00e9quipe multiculturelle maintenant.\" \/>\n<meta property=\"og:url\" content=\"https:\/\/www.dfrostsurfandyoga.com\/fr\/equipe\" \/>\n<meta property=\"og:site_name\" content=\"DFrost Almugar Surf &amp; Yoga\" \/>\n<meta property=\"article:modified_time\" content=\"2025-05-21T09:38:43+00:00\" \/>\n<meta name=\"twitter:card\" content=\"summary_large_image\" \/>\n<meta name=\"twitter:label1\" content=\"Dur\u00e9e de lecture estim\u00e9e\" \/>\n\t<meta name=\"twitter:data1\" content=\"2 minutes\" \/>\n<script type=\"application\/ld+json\" class=\"yoast-schema-graph\">{\"@context\":\"https:\\\/\\\/schema.org\",\"@graph\":[{\"@type\":\"WebPage\",\"@id\":\"https:\\\/\\\/www.dfrostsurfandyoga.com\\\/fr\\\/equipe\",\"url\":\"https:\\\/\\\/www.dfrostsurfandyoga.com\\\/fr\\\/equipe\",\"name\":\"L'\u00c9quipe | DFrost Almugar Surf & Yoga au Maroc\",\"isPartOf\":{\"@id\":\"https:\\\/\\\/www.dfrostsurfandyoga.com\\\/fr#website\"},\"datePublished\":\"2018-11-23T14:37:12+00:00\",\"dateModified\":\"2025-05-21T09:38:43+00:00\",\"description\":\"Nous sommes comme une grande famille - qu'il s'agisse de locaux, de voyageurs ou de famille. Apprenez \u00e0 conna\u00eetre notre \u00e9quipe multiculturelle maintenant.\",\"breadcrumb\":{\"@id\":\"https:\\\/\\\/www.dfrostsurfandyoga.com\\\/fr\\\/equipe#breadcrumb\"},\"inLanguage\":\"fr-FR\",\"potentialAction\":[{\"@type\":\"ReadAction\",\"target\":[\"https:\\\/\\\/www.dfrostsurfandyoga.com\\\/fr\\\/equipe\"]}]},{\"@type\":\"BreadcrumbList\",\"@id\":\"https:\\\/\\\/www.dfrostsurfandyoga.com\\\/fr\\\/equipe#breadcrumb\",\"itemListElement\":[{\"@type\":\"ListItem\",\"position\":1,\"name\":\"Home\",\"item\":\"https:\\\/\\\/www.dfrostsurfandyoga.com\\\/fr\"},{\"@type\":\"ListItem\",\"position\":2,\"name\":\"\u00c9quipe\"}]},{\"@type\":\"WebSite\",\"@id\":\"https:\\\/\\\/www.dfrostsurfandyoga.com\\\/fr#website\",\"url\":\"https:\\\/\\\/www.dfrostsurfandyoga.com\\\/fr\",\"name\":\"DFrost Almugar Surf &amp; Yoga\",\"description\":\"\",\"potentialAction\":[{\"@type\":\"SearchAction\",\"target\":{\"@type\":\"EntryPoint\",\"urlTemplate\":\"https:\\\/\\\/www.dfrostsurfandyoga.com\\\/fr?s={search_term_string}\"},\"query-input\":{\"@type\":\"PropertyValueSpecification\",\"valueRequired\":true,\"valueName\":\"search_term_string\"}}],\"inLanguage\":\"fr-FR\"}]}<\/script>\n<!-- \/ Yoast SEO plugin. -->","yoast_head_json":{"title":"L'\u00c9quipe | DFrost Almugar Surf & Yoga au Maroc","description":"Nous sommes comme une grande famille - qu'il s'agisse de locaux, de voyageurs ou de famille. Apprenez \u00e0 conna\u00eetre notre \u00e9quipe multiculturelle maintenant.","robots":{"index":"index","follow":"follow","max-snippet":"max-snippet:-1","max-image-preview":"max-image-preview:large","max-video-preview":"max-video-preview:-1"},"canonical":"https:\/\/www.dfrostsurfandyoga.com\/fr\/equipe","og_locale":"fr_FR","og_type":"article","og_title":"L'\u00c9quipe | DFrost Almugar Surf & Yoga au Maroc","og_description":"Nous sommes comme une grande famille - qu'il s'agisse de locaux, de voyageurs ou de famille. Apprenez \u00e0 conna\u00eetre notre \u00e9quipe multiculturelle maintenant.","og_url":"https:\/\/www.dfrostsurfandyoga.com\/fr\/equipe","og_site_name":"DFrost Almugar Surf &amp; Yoga","article_modified_time":"2025-05-21T09:38:43+00:00","twitter_card":"summary_large_image","twitter_misc":{"Dur\u00e9e de lecture estim\u00e9e":"2 minutes"},"schema":{"@context":"https:\/\/schema.org","@graph":[{"@type":"WebPage","@id":"https:\/\/www.dfrostsurfandyoga.com\/fr\/equipe","url":"https:\/\/www.dfrostsurfandyoga.com\/fr\/equipe","name":"L'\u00c9quipe | DFrost Almugar Surf & Yoga au Maroc","isPartOf":{"@id":"https:\/\/www.dfrostsurfandyoga.com\/fr#website"},"datePublished":"2018-11-23T14:37:12+00:00","dateModified":"2025-05-21T09:38:43+00:00","description":"Nous sommes comme une grande famille - qu'il s'agisse de locaux, de voyageurs ou de famille. Apprenez \u00e0 conna\u00eetre notre \u00e9quipe multiculturelle maintenant.","breadcrumb":{"@id":"https:\/\/www.dfrostsurfandyoga.com\/fr\/equipe#breadcrumb"},"inLanguage":"fr-FR","potentialAction":[{"@type":"ReadAction","target":["https:\/\/www.dfrostsurfandyoga.com\/fr\/equipe"]}]},{"@type":"BreadcrumbList","@id":"https:\/\/www.dfrostsurfandyoga.com\/fr\/equipe#breadcrumb","itemListElement":[{"@type":"ListItem","position":1,"name":"Home","item":"https:\/\/www.dfrostsurfandyoga.com\/fr"},{"@type":"ListItem","position":2,"name":"\u00c9quipe"}]},{"@type":"WebSite","@id":"https:\/\/www.dfrostsurfandyoga.com\/fr#website","url":"https:\/\/www.dfrostsurfandyoga.com\/fr","name":"DFrost Almugar Surf &amp; Yoga","description":"","potentialAction":[{"@type":"SearchAction","target":{"@type":"EntryPoint","urlTemplate":"https:\/\/www.dfrostsurfandyoga.com\/fr?s={search_term_string}"},"query-input":{"@type":"PropertyValueSpecification","valueRequired":true,"valueName":"search_term_string"}}],"inLanguage":"fr-FR"}]}},"_links":{"self":[{"href":"https:\/\/www.dfrostsurfandyoga.com\/fr\/wp-json\/wp\/v2\/pages\/1824","targetHints":{"allow":["GET"]}}],"collection":[{"href":"https:\/\/www.dfrostsurfandyoga.com\/fr\/wp-json\/wp\/v2\/pages"}],"about":[{"href":"https:\/\/www.dfrostsurfandyoga.com\/fr\/wp-json\/wp\/v2\/types\/page"}],"author":[{"embeddable":true,"href":"https:\/\/www.dfrostsurfandyoga.com\/fr\/wp-json\/wp\/v2\/users\/9"}],"replies":[{"embeddable":true,"href":"https:\/\/www.dfrostsurfandyoga.com\/fr\/wp-json\/wp\/v2\/comments?post=1824"}],"version-history":[{"count":18,"href":"https:\/\/www.dfrostsurfandyoga.com\/fr\/wp-json\/wp\/v2\/pages\/1824\/revisions"}],"predecessor-version":[{"id":7106,"href":"https:\/\/www.dfrostsurfandyoga.com\/fr\/wp-json\/wp\/v2\/pages\/1824\/revisions\/7106"}],"wp:attachment":[{"href":"https:\/\/www.dfrostsurfandyoga.com\/fr\/wp-json\/wp\/v2\/media?parent=1824"}],"curies":[{"name":"wp","href":"https:\/\/api.w.org\/{rel}","templated":true}]}}