{"id":2108,"date":"2018-12-25T09:43:59","date_gmt":"2018-12-25T08:43:59","guid":{"rendered":"http:\/\/www.dfrostsurfandyoga.com\/alles-ubers-surfen"},"modified":"2022-10-06T16:40:58","modified_gmt":"2022-10-06T14:40:58","slug":"tout-sur-le-surf","status":"publish","type":"page","link":"https:\/\/www.dfrostsurfandyoga.com\/fr\/tout-sur-le-surf","title":{"rendered":"Tout sur le surf"},"content":{"rendered":"","protected":false},"excerpt":{"rendered":"","protected":false},"author":9,"featured_media":0,"parent":0,"menu_order":0,"comment_status":"closed","ping_status":"closed","template":"","meta":{"_acf_changed":false,"footnotes":""},"class_list":["post-2108","page","type-page","status-publish","hentry"],"acf":[],"yoast_head":"<!-- This site is optimized with the Yoast SEO plugin v27.3 - https:\/\/yoast.com\/product\/yoast-seo-wordpress\/ -->\n<title>Tout sur le surf | DFrost Almugar Surf &amp; Yoga au Maroc<\/title>\n<meta name=\"description\" content=\"Tout sur le surf ! Tu veux des vagues sauvages et rapides de 2 m\u00e8tres ou tu pr\u00e9f\u00e8res des vagues plus douces ? D\u00e9couvre nos offres.\" \/>\n<meta name=\"robots\" content=\"index, follow, max-snippet:-1, max-image-preview:large, max-video-preview:-1\" \/>\n<link rel=\"canonical\" href=\"https:\/\/www.dfrostsurfandyoga.com\/fr\/tout-sur-le-surf\" \/>\n<meta property=\"og:locale\" content=\"fr_FR\" \/>\n<meta property=\"og:type\" content=\"article\" \/>\n<meta property=\"og:title\" content=\"Tout sur le surf | DFrost Almugar Surf &amp; Yoga au Maroc\" \/>\n<meta property=\"og:description\" content=\"Tout sur le surf ! Tu veux des vagues sauvages et rapides de 2 m\u00e8tres ou tu pr\u00e9f\u00e8res des vagues plus douces ? D\u00e9couvre nos offres.\" \/>\n<meta property=\"og:url\" content=\"https:\/\/www.dfrostsurfandyoga.com\/fr\/tout-sur-le-surf\" \/>\n<meta property=\"og:site_name\" content=\"DFrost Almugar Surf &amp; Yoga\" \/>\n<meta property=\"article:modified_time\" content=\"2022-10-06T14:40:58+00:00\" \/>\n<meta name=\"twitter:card\" content=\"summary_large_image\" \/>\n<script type=\"application\/ld+json\" class=\"yoast-schema-graph\">{\"@context\":\"https:\\\/\\\/schema.org\",\"@graph\":[{\"@type\":\"WebPage\",\"@id\":\"https:\\\/\\\/www.dfrostsurfandyoga.com\\\/fr\\\/tout-sur-le-surf\",\"url\":\"https:\\\/\\\/www.dfrostsurfandyoga.com\\\/fr\\\/tout-sur-le-surf\",\"name\":\"Tout sur le surf | DFrost Almugar Surf & Yoga au Maroc\",\"isPartOf\":{\"@id\":\"https:\\\/\\\/www.dfrostsurfandyoga.com\\\/fr#website\"},\"datePublished\":\"2018-12-25T08:43:59+00:00\",\"dateModified\":\"2022-10-06T14:40:58+00:00\",\"description\":\"Tout sur le surf ! Tu veux des vagues sauvages et rapides de 2 m\u00e8tres ou tu pr\u00e9f\u00e8res des vagues plus douces ? D\u00e9couvre nos offres.\",\"breadcrumb\":{\"@id\":\"https:\\\/\\\/www.dfrostsurfandyoga.com\\\/fr\\\/tout-sur-le-surf#breadcrumb\"},\"inLanguage\":\"fr-FR\",\"potentialAction\":[{\"@type\":\"ReadAction\",\"target\":[\"https:\\\/\\\/www.dfrostsurfandyoga.com\\\/fr\\\/tout-sur-le-surf\"]}]},{\"@type\":\"BreadcrumbList\",\"@id\":\"https:\\\/\\\/www.dfrostsurfandyoga.com\\\/fr\\\/tout-sur-le-surf#breadcrumb\",\"itemListElement\":[{\"@type\":\"ListItem\",\"position\":1,\"name\":\"Home\",\"item\":\"https:\\\/\\\/www.dfrostsurfandyoga.com\\\/fr\"},{\"@type\":\"ListItem\",\"position\":2,\"name\":\"Tout sur le surf\"}]},{\"@type\":\"WebSite\",\"@id\":\"https:\\\/\\\/www.dfrostsurfandyoga.com\\\/fr#website\",\"url\":\"https:\\\/\\\/www.dfrostsurfandyoga.com\\\/fr\",\"name\":\"DFrost Almugar Surf &amp; Yoga\",\"description\":\"\",\"potentialAction\":[{\"@type\":\"SearchAction\",\"target\":{\"@type\":\"EntryPoint\",\"urlTemplate\":\"https:\\\/\\\/www.dfrostsurfandyoga.com\\\/fr?s={search_term_string}\"},\"query-input\":{\"@type\":\"PropertyValueSpecification\",\"valueRequired\":true,\"valueName\":\"search_term_string\"}}],\"inLanguage\":\"fr-FR\"}]}<\/script>\n<!-- \/ Yoast SEO plugin. -->","yoast_head_json":{"title":"Tout sur le surf | DFrost Almugar Surf & Yoga au Maroc","description":"Tout sur le surf ! Tu veux des vagues sauvages et rapides de 2 m\u00e8tres ou tu pr\u00e9f\u00e8res des vagues plus douces ? D\u00e9couvre nos offres.","robots":{"index":"index","follow":"follow","max-snippet":"max-snippet:-1","max-image-preview":"max-image-preview:large","max-video-preview":"max-video-preview:-1"},"canonical":"https:\/\/www.dfrostsurfandyoga.com\/fr\/tout-sur-le-surf","og_locale":"fr_FR","og_type":"article","og_title":"Tout sur le surf | DFrost Almugar Surf & Yoga au Maroc","og_description":"Tout sur le surf ! Tu veux des vagues sauvages et rapides de 2 m\u00e8tres ou tu pr\u00e9f\u00e8res des vagues plus douces ? D\u00e9couvre nos offres.","og_url":"https:\/\/www.dfrostsurfandyoga.com\/fr\/tout-sur-le-surf","og_site_name":"DFrost Almugar Surf &amp; Yoga","article_modified_time":"2022-10-06T14:40:58+00:00","twitter_card":"summary_large_image","schema":{"@context":"https:\/\/schema.org","@graph":[{"@type":"WebPage","@id":"https:\/\/www.dfrostsurfandyoga.com\/fr\/tout-sur-le-surf","url":"https:\/\/www.dfrostsurfandyoga.com\/fr\/tout-sur-le-surf","name":"Tout sur le surf | DFrost Almugar Surf & Yoga au Maroc","isPartOf":{"@id":"https:\/\/www.dfrostsurfandyoga.com\/fr#website"},"datePublished":"2018-12-25T08:43:59+00:00","dateModified":"2022-10-06T14:40:58+00:00","description":"Tout sur le surf ! Tu veux des vagues sauvages et rapides de 2 m\u00e8tres ou tu pr\u00e9f\u00e8res des vagues plus douces ? D\u00e9couvre nos offres.","breadcrumb":{"@id":"https:\/\/www.dfrostsurfandyoga.com\/fr\/tout-sur-le-surf#breadcrumb"},"inLanguage":"fr-FR","potentialAction":[{"@type":"ReadAction","target":["https:\/\/www.dfrostsurfandyoga.com\/fr\/tout-sur-le-surf"]}]},{"@type":"BreadcrumbList","@id":"https:\/\/www.dfrostsurfandyoga.com\/fr\/tout-sur-le-surf#breadcrumb","itemListElement":[{"@type":"ListItem","position":1,"name":"Home","item":"https:\/\/www.dfrostsurfandyoga.com\/fr"},{"@type":"ListItem","position":2,"name":"Tout sur le surf"}]},{"@type":"WebSite","@id":"https:\/\/www.dfrostsurfandyoga.com\/fr#website","url":"https:\/\/www.dfrostsurfandyoga.com\/fr","name":"DFrost Almugar Surf &amp; Yoga","description":"","potentialAction":[{"@type":"SearchAction","target":{"@type":"EntryPoint","urlTemplate":"https:\/\/www.dfrostsurfandyoga.com\/fr?s={search_term_string}"},"query-input":{"@type":"PropertyValueSpecification","valueRequired":true,"valueName":"search_term_string"}}],"inLanguage":"fr-FR"}]}},"_links":{"self":[{"href":"https:\/\/www.dfrostsurfandyoga.com\/fr\/wp-json\/wp\/v2\/pages\/2108","targetHints":{"allow":["GET"]}}],"collection":[{"href":"https:\/\/www.dfrostsurfandyoga.com\/fr\/wp-json\/wp\/v2\/pages"}],"about":[{"href":"https:\/\/www.dfrostsurfandyoga.com\/fr\/wp-json\/wp\/v2\/types\/page"}],"author":[{"embeddable":true,"href":"https:\/\/www.dfrostsurfandyoga.com\/fr\/wp-json\/wp\/v2\/users\/9"}],"replies":[{"embeddable":true,"href":"https:\/\/www.dfrostsurfandyoga.com\/fr\/wp-json\/wp\/v2\/comments?post=2108"}],"version-history":[{"count":5,"href":"https:\/\/www.dfrostsurfandyoga.com\/fr\/wp-json\/wp\/v2\/pages\/2108\/revisions"}],"predecessor-version":[{"id":3235,"href":"https:\/\/www.dfrostsurfandyoga.com\/fr\/wp-json\/wp\/v2\/pages\/2108\/revisions\/3235"}],"wp:attachment":[{"href":"https:\/\/www.dfrostsurfandyoga.com\/fr\/wp-json\/wp\/v2\/media?parent=2108"}],"curies":[{"name":"wp","href":"https:\/\/api.w.org\/{rel}","templated":true}]}}