{"id":2172,"date":"2019-02-13T10:24:24","date_gmt":"2019-02-13T09:24:24","guid":{"rendered":"http:\/\/www.dfrostsurfandyoga.com\/sustainability"},"modified":"2022-10-07T08:26:12","modified_gmt":"2022-10-07T06:26:12","slug":"durabilite","status":"publish","type":"page","link":"https:\/\/www.dfrostsurfandyoga.com\/fr\/durabilite","title":{"rendered":"Durabilit\u00e9"},"content":{"rendered":"","protected":false},"excerpt":{"rendered":"","protected":false},"author":3,"featured_media":0,"parent":0,"menu_order":0,"comment_status":"closed","ping_status":"closed","template":"","meta":{"_acf_changed":false,"footnotes":""},"class_list":["post-2172","page","type-page","status-publish","hentry"],"acf":[],"yoast_head":"<!-- This site is optimized with the Yoast SEO plugin v27.3 - https:\/\/yoast.com\/product\/yoast-seo-wordpress\/ -->\n<title>Durabilit\u00e9 | DFrost Almugar Surf &amp; Yoga au Maroc<\/title>\n<meta name=\"description\" content=\"Le d\u00e9veloppement durable est tr\u00e8s important pour nous. Chez DFrost, nous travaillons dur pour r\u00e9duire notre empreinte \u00e9cologique. Lisez la suite maintenant.\" \/>\n<meta name=\"robots\" content=\"index, follow, max-snippet:-1, max-image-preview:large, max-video-preview:-1\" \/>\n<link rel=\"canonical\" href=\"https:\/\/www.dfrostsurfandyoga.com\/fr\/durabilite\" \/>\n<meta property=\"og:locale\" content=\"fr_FR\" \/>\n<meta property=\"og:type\" content=\"article\" \/>\n<meta property=\"og:title\" content=\"Durabilit\u00e9 | DFrost Almugar Surf &amp; Yoga au Maroc\" \/>\n<meta property=\"og:description\" content=\"Le d\u00e9veloppement durable est tr\u00e8s important pour nous. Chez DFrost, nous travaillons dur pour r\u00e9duire notre empreinte \u00e9cologique. Lisez la suite maintenant.\" \/>\n<meta property=\"og:url\" content=\"https:\/\/www.dfrostsurfandyoga.com\/fr\/durabilite\" \/>\n<meta property=\"og:site_name\" content=\"DFrost Almugar Surf &amp; Yoga\" \/>\n<meta property=\"article:modified_time\" content=\"2022-10-07T06:26:12+00:00\" \/>\n<meta name=\"twitter:card\" content=\"summary_large_image\" \/>\n<script type=\"application\/ld+json\" class=\"yoast-schema-graph\">{\"@context\":\"https:\\\/\\\/schema.org\",\"@graph\":[{\"@type\":\"WebPage\",\"@id\":\"https:\\\/\\\/www.dfrostsurfandyoga.com\\\/fr\\\/durabilite\",\"url\":\"https:\\\/\\\/www.dfrostsurfandyoga.com\\\/fr\\\/durabilite\",\"name\":\"Durabilit\u00e9 | DFrost Almugar Surf & Yoga au Maroc\",\"isPartOf\":{\"@id\":\"https:\\\/\\\/www.dfrostsurfandyoga.com\\\/fr#website\"},\"datePublished\":\"2019-02-13T09:24:24+00:00\",\"dateModified\":\"2022-10-07T06:26:12+00:00\",\"description\":\"Le d\u00e9veloppement durable est tr\u00e8s important pour nous. Chez DFrost, nous travaillons dur pour r\u00e9duire notre empreinte \u00e9cologique. Lisez la suite maintenant.\",\"breadcrumb\":{\"@id\":\"https:\\\/\\\/www.dfrostsurfandyoga.com\\\/fr\\\/durabilite#breadcrumb\"},\"inLanguage\":\"fr-FR\",\"potentialAction\":[{\"@type\":\"ReadAction\",\"target\":[\"https:\\\/\\\/www.dfrostsurfandyoga.com\\\/fr\\\/durabilite\"]}]},{\"@type\":\"BreadcrumbList\",\"@id\":\"https:\\\/\\\/www.dfrostsurfandyoga.com\\\/fr\\\/durabilite#breadcrumb\",\"itemListElement\":[{\"@type\":\"ListItem\",\"position\":1,\"name\":\"Home\",\"item\":\"https:\\\/\\\/www.dfrostsurfandyoga.com\\\/fr\"},{\"@type\":\"ListItem\",\"position\":2,\"name\":\"Durabilit\u00e9\"}]},{\"@type\":\"WebSite\",\"@id\":\"https:\\\/\\\/www.dfrostsurfandyoga.com\\\/fr#website\",\"url\":\"https:\\\/\\\/www.dfrostsurfandyoga.com\\\/fr\",\"name\":\"DFrost Almugar Surf &amp; Yoga\",\"description\":\"\",\"potentialAction\":[{\"@type\":\"SearchAction\",\"target\":{\"@type\":\"EntryPoint\",\"urlTemplate\":\"https:\\\/\\\/www.dfrostsurfandyoga.com\\\/fr?s={search_term_string}\"},\"query-input\":{\"@type\":\"PropertyValueSpecification\",\"valueRequired\":true,\"valueName\":\"search_term_string\"}}],\"inLanguage\":\"fr-FR\"}]}<\/script>\n<!-- \/ Yoast SEO plugin. -->","yoast_head_json":{"title":"Durabilit\u00e9 | DFrost Almugar Surf & Yoga au Maroc","description":"Le d\u00e9veloppement durable est tr\u00e8s important pour nous. Chez DFrost, nous travaillons dur pour r\u00e9duire notre empreinte \u00e9cologique. Lisez la suite maintenant.","robots":{"index":"index","follow":"follow","max-snippet":"max-snippet:-1","max-image-preview":"max-image-preview:large","max-video-preview":"max-video-preview:-1"},"canonical":"https:\/\/www.dfrostsurfandyoga.com\/fr\/durabilite","og_locale":"fr_FR","og_type":"article","og_title":"Durabilit\u00e9 | DFrost Almugar Surf & Yoga au Maroc","og_description":"Le d\u00e9veloppement durable est tr\u00e8s important pour nous. Chez DFrost, nous travaillons dur pour r\u00e9duire notre empreinte \u00e9cologique. Lisez la suite maintenant.","og_url":"https:\/\/www.dfrostsurfandyoga.com\/fr\/durabilite","og_site_name":"DFrost Almugar Surf &amp; Yoga","article_modified_time":"2022-10-07T06:26:12+00:00","twitter_card":"summary_large_image","schema":{"@context":"https:\/\/schema.org","@graph":[{"@type":"WebPage","@id":"https:\/\/www.dfrostsurfandyoga.com\/fr\/durabilite","url":"https:\/\/www.dfrostsurfandyoga.com\/fr\/durabilite","name":"Durabilit\u00e9 | DFrost Almugar Surf & Yoga au Maroc","isPartOf":{"@id":"https:\/\/www.dfrostsurfandyoga.com\/fr#website"},"datePublished":"2019-02-13T09:24:24+00:00","dateModified":"2022-10-07T06:26:12+00:00","description":"Le d\u00e9veloppement durable est tr\u00e8s important pour nous. Chez DFrost, nous travaillons dur pour r\u00e9duire notre empreinte \u00e9cologique. Lisez la suite maintenant.","breadcrumb":{"@id":"https:\/\/www.dfrostsurfandyoga.com\/fr\/durabilite#breadcrumb"},"inLanguage":"fr-FR","potentialAction":[{"@type":"ReadAction","target":["https:\/\/www.dfrostsurfandyoga.com\/fr\/durabilite"]}]},{"@type":"BreadcrumbList","@id":"https:\/\/www.dfrostsurfandyoga.com\/fr\/durabilite#breadcrumb","itemListElement":[{"@type":"ListItem","position":1,"name":"Home","item":"https:\/\/www.dfrostsurfandyoga.com\/fr"},{"@type":"ListItem","position":2,"name":"Durabilit\u00e9"}]},{"@type":"WebSite","@id":"https:\/\/www.dfrostsurfandyoga.com\/fr#website","url":"https:\/\/www.dfrostsurfandyoga.com\/fr","name":"DFrost Almugar Surf &amp; Yoga","description":"","potentialAction":[{"@type":"SearchAction","target":{"@type":"EntryPoint","urlTemplate":"https:\/\/www.dfrostsurfandyoga.com\/fr?s={search_term_string}"},"query-input":{"@type":"PropertyValueSpecification","valueRequired":true,"valueName":"search_term_string"}}],"inLanguage":"fr-FR"}]}},"_links":{"self":[{"href":"https:\/\/www.dfrostsurfandyoga.com\/fr\/wp-json\/wp\/v2\/pages\/2172","targetHints":{"allow":["GET"]}}],"collection":[{"href":"https:\/\/www.dfrostsurfandyoga.com\/fr\/wp-json\/wp\/v2\/pages"}],"about":[{"href":"https:\/\/www.dfrostsurfandyoga.com\/fr\/wp-json\/wp\/v2\/types\/page"}],"author":[{"embeddable":true,"href":"https:\/\/www.dfrostsurfandyoga.com\/fr\/wp-json\/wp\/v2\/users\/3"}],"replies":[{"embeddable":true,"href":"https:\/\/www.dfrostsurfandyoga.com\/fr\/wp-json\/wp\/v2\/comments?post=2172"}],"version-history":[{"count":6,"href":"https:\/\/www.dfrostsurfandyoga.com\/fr\/wp-json\/wp\/v2\/pages\/2172\/revisions"}],"predecessor-version":[{"id":3434,"href":"https:\/\/www.dfrostsurfandyoga.com\/fr\/wp-json\/wp\/v2\/pages\/2172\/revisions\/3434"}],"wp:attachment":[{"href":"https:\/\/www.dfrostsurfandyoga.com\/fr\/wp-json\/wp\/v2\/media?parent=2172"}],"curies":[{"name":"wp","href":"https:\/\/api.w.org\/{rel}","templated":true}]}}