{"id":3236,"date":"2019-04-28T14:15:55","date_gmt":"2019-04-28T12:15:55","guid":{"rendered":"http:\/\/www.dfrostsurfandyoga.com\/?page_id=3236"},"modified":"2022-10-07T08:27:53","modified_gmt":"2022-10-07T06:27:53","slug":"shop","status":"publish","type":"page","link":"https:\/\/www.dfrostsurfandyoga.com\/fr\/shop","title":{"rendered":"Shop"},"content":{"rendered":"","protected":false},"excerpt":{"rendered":"","protected":false},"author":3,"featured_media":0,"parent":0,"menu_order":0,"comment_status":"closed","ping_status":"closed","template":"","meta":{"_acf_changed":false,"footnotes":""},"class_list":["post-3236","page","type-page","status-publish","hentry"],"acf":[],"yoast_head":"<!-- This site is optimized with the Yoast SEO plugin v27.3 - https:\/\/yoast.com\/product\/yoast-seo-wordpress\/ -->\n<title>Shop | l&#039;Almugar Surf Shop | DFrost Almugar Surf &amp; Yoga<\/title>\n<meta name=\"description\" content=\"L&#039;Almugar Surf Shop vend les derniers accessoires de surf, des planches Global Surf Industry, des planches fa\u00e7onn\u00e9es \u00e0 la main, du wax et des v\u00eatements \u00e0 Taghazout.\" \/>\n<meta name=\"robots\" content=\"index, follow, max-snippet:-1, max-image-preview:large, max-video-preview:-1\" \/>\n<link rel=\"canonical\" href=\"https:\/\/www.dfrostsurfandyoga.com\/fr\/shop\" \/>\n<meta property=\"og:locale\" content=\"fr_FR\" \/>\n<meta property=\"og:type\" content=\"article\" \/>\n<meta property=\"og:title\" content=\"Shop | l&#039;Almugar Surf Shop | DFrost Almugar Surf &amp; Yoga\" \/>\n<meta property=\"og:description\" content=\"L&#039;Almugar Surf Shop vend les derniers accessoires de surf, des planches Global Surf Industry, des planches fa\u00e7onn\u00e9es \u00e0 la main, du wax et des v\u00eatements \u00e0 Taghazout.\" \/>\n<meta property=\"og:url\" content=\"https:\/\/www.dfrostsurfandyoga.com\/fr\/shop\" \/>\n<meta property=\"og:site_name\" content=\"DFrost Almugar Surf &amp; Yoga\" \/>\n<meta property=\"article:modified_time\" content=\"2022-10-07T06:27:53+00:00\" \/>\n<meta name=\"twitter:card\" content=\"summary_large_image\" \/>\n<script type=\"application\/ld+json\" class=\"yoast-schema-graph\">{\"@context\":\"https:\\\/\\\/schema.org\",\"@graph\":[{\"@type\":\"WebPage\",\"@id\":\"https:\\\/\\\/www.dfrostsurfandyoga.com\\\/fr\\\/shop\",\"url\":\"https:\\\/\\\/www.dfrostsurfandyoga.com\\\/fr\\\/shop\",\"name\":\"Shop | l'Almugar Surf Shop | DFrost Almugar Surf & Yoga\",\"isPartOf\":{\"@id\":\"https:\\\/\\\/www.dfrostsurfandyoga.com\\\/fr#website\"},\"datePublished\":\"2019-04-28T12:15:55+00:00\",\"dateModified\":\"2022-10-07T06:27:53+00:00\",\"description\":\"L'Almugar Surf Shop vend les derniers accessoires de surf, des planches Global Surf Industry, des planches fa\u00e7onn\u00e9es \u00e0 la main, du wax et des v\u00eatements \u00e0 Taghazout.\",\"breadcrumb\":{\"@id\":\"https:\\\/\\\/www.dfrostsurfandyoga.com\\\/fr\\\/shop#breadcrumb\"},\"inLanguage\":\"fr-FR\",\"potentialAction\":[{\"@type\":\"ReadAction\",\"target\":[\"https:\\\/\\\/www.dfrostsurfandyoga.com\\\/fr\\\/shop\"]}]},{\"@type\":\"BreadcrumbList\",\"@id\":\"https:\\\/\\\/www.dfrostsurfandyoga.com\\\/fr\\\/shop#breadcrumb\",\"itemListElement\":[{\"@type\":\"ListItem\",\"position\":1,\"name\":\"Home\",\"item\":\"https:\\\/\\\/www.dfrostsurfandyoga.com\\\/fr\"},{\"@type\":\"ListItem\",\"position\":2,\"name\":\"Shop\"}]},{\"@type\":\"WebSite\",\"@id\":\"https:\\\/\\\/www.dfrostsurfandyoga.com\\\/fr#website\",\"url\":\"https:\\\/\\\/www.dfrostsurfandyoga.com\\\/fr\",\"name\":\"DFrost Almugar Surf &amp; Yoga\",\"description\":\"\",\"potentialAction\":[{\"@type\":\"SearchAction\",\"target\":{\"@type\":\"EntryPoint\",\"urlTemplate\":\"https:\\\/\\\/www.dfrostsurfandyoga.com\\\/fr?s={search_term_string}\"},\"query-input\":{\"@type\":\"PropertyValueSpecification\",\"valueRequired\":true,\"valueName\":\"search_term_string\"}}],\"inLanguage\":\"fr-FR\"}]}<\/script>\n<!-- \/ Yoast SEO plugin. -->","yoast_head_json":{"title":"Shop | l'Almugar Surf Shop | DFrost Almugar Surf & Yoga","description":"L'Almugar Surf Shop vend les derniers accessoires de surf, des planches Global Surf Industry, des planches fa\u00e7onn\u00e9es \u00e0 la main, du wax et des v\u00eatements \u00e0 Taghazout.","robots":{"index":"index","follow":"follow","max-snippet":"max-snippet:-1","max-image-preview":"max-image-preview:large","max-video-preview":"max-video-preview:-1"},"canonical":"https:\/\/www.dfrostsurfandyoga.com\/fr\/shop","og_locale":"fr_FR","og_type":"article","og_title":"Shop | l'Almugar Surf Shop | DFrost Almugar Surf & Yoga","og_description":"L'Almugar Surf Shop vend les derniers accessoires de surf, des planches Global Surf Industry, des planches fa\u00e7onn\u00e9es \u00e0 la main, du wax et des v\u00eatements \u00e0 Taghazout.","og_url":"https:\/\/www.dfrostsurfandyoga.com\/fr\/shop","og_site_name":"DFrost Almugar Surf &amp; Yoga","article_modified_time":"2022-10-07T06:27:53+00:00","twitter_card":"summary_large_image","schema":{"@context":"https:\/\/schema.org","@graph":[{"@type":"WebPage","@id":"https:\/\/www.dfrostsurfandyoga.com\/fr\/shop","url":"https:\/\/www.dfrostsurfandyoga.com\/fr\/shop","name":"Shop | l'Almugar Surf Shop | DFrost Almugar Surf & Yoga","isPartOf":{"@id":"https:\/\/www.dfrostsurfandyoga.com\/fr#website"},"datePublished":"2019-04-28T12:15:55+00:00","dateModified":"2022-10-07T06:27:53+00:00","description":"L'Almugar Surf Shop vend les derniers accessoires de surf, des planches Global Surf Industry, des planches fa\u00e7onn\u00e9es \u00e0 la main, du wax et des v\u00eatements \u00e0 Taghazout.","breadcrumb":{"@id":"https:\/\/www.dfrostsurfandyoga.com\/fr\/shop#breadcrumb"},"inLanguage":"fr-FR","potentialAction":[{"@type":"ReadAction","target":["https:\/\/www.dfrostsurfandyoga.com\/fr\/shop"]}]},{"@type":"BreadcrumbList","@id":"https:\/\/www.dfrostsurfandyoga.com\/fr\/shop#breadcrumb","itemListElement":[{"@type":"ListItem","position":1,"name":"Home","item":"https:\/\/www.dfrostsurfandyoga.com\/fr"},{"@type":"ListItem","position":2,"name":"Shop"}]},{"@type":"WebSite","@id":"https:\/\/www.dfrostsurfandyoga.com\/fr#website","url":"https:\/\/www.dfrostsurfandyoga.com\/fr","name":"DFrost Almugar Surf &amp; Yoga","description":"","potentialAction":[{"@type":"SearchAction","target":{"@type":"EntryPoint","urlTemplate":"https:\/\/www.dfrostsurfandyoga.com\/fr?s={search_term_string}"},"query-input":{"@type":"PropertyValueSpecification","valueRequired":true,"valueName":"search_term_string"}}],"inLanguage":"fr-FR"}]}},"_links":{"self":[{"href":"https:\/\/www.dfrostsurfandyoga.com\/fr\/wp-json\/wp\/v2\/pages\/3236","targetHints":{"allow":["GET"]}}],"collection":[{"href":"https:\/\/www.dfrostsurfandyoga.com\/fr\/wp-json\/wp\/v2\/pages"}],"about":[{"href":"https:\/\/www.dfrostsurfandyoga.com\/fr\/wp-json\/wp\/v2\/types\/page"}],"author":[{"embeddable":true,"href":"https:\/\/www.dfrostsurfandyoga.com\/fr\/wp-json\/wp\/v2\/users\/3"}],"replies":[{"embeddable":true,"href":"https:\/\/www.dfrostsurfandyoga.com\/fr\/wp-json\/wp\/v2\/comments?post=3236"}],"version-history":[{"count":4,"href":"https:\/\/www.dfrostsurfandyoga.com\/fr\/wp-json\/wp\/v2\/pages\/3236\/revisions"}],"predecessor-version":[{"id":5104,"href":"https:\/\/www.dfrostsurfandyoga.com\/fr\/wp-json\/wp\/v2\/pages\/3236\/revisions\/5104"}],"wp:attachment":[{"href":"https:\/\/www.dfrostsurfandyoga.com\/fr\/wp-json\/wp\/v2\/media?parent=3236"}],"curies":[{"name":"wp","href":"https:\/\/api.w.org\/{rel}","templated":true}]}}