{"id":3243,"date":"2019-04-28T14:50:32","date_gmt":"2019-04-28T12:50:32","guid":{"rendered":"http:\/\/www.dfrostsurfandyoga.com\/?page_id=3243"},"modified":"2026-04-07T12:41:48","modified_gmt":"2026-04-07T10:41:48","slug":"taghazout-yoga","status":"publish","type":"page","link":"https:\/\/www.dfrostsurfandyoga.com\/fr\/taghazout-yoga","title":{"rendered":"Taghazout Yoga"},"content":{"rendered":"<h2><b>Yoga Shala \u2013 Flow avec l\u2019\u00e9nergie de l\u2019oc\u00e9an<\/b><b><\/b><\/h2>\n<p>\u00c0 partir de septembre 2026, notre nouveau Yoga Shala r\u00e9nov\u00e9 au Seaside Boutique Hotel sera \u00e0 votre disposition \u2013 un espace moderne et ferm\u00e9, climatis\u00e9 pour un confort optimal, avec la possibilit\u00e9 d\u2019ouvrir les fen\u00eatres pour cr\u00e9er une sensation fluide entre int\u00e9rieur et ext\u00e9rieur, port\u00e9e par la brise marine.<\/p>\n<p>Le shala est enti\u00e8rement \u00e9quip\u00e9 avec :<\/p>\n<ul>\n<li>tapis de yoga de haute qualit\u00e9<\/li>\n<li>blocs &amp; sangles<\/li>\n<li>couvertures &amp; coussins<\/li>\n<li>Nouveau : installation pour aerial yoga (en option, non inclus dans les packages)<\/li>\n<\/ul>\n<p>Les clients de la Taghazout Villa participent \u00e9galement \u00e0 toutes les sessions ici \u2013 tout est \u00e0 quelques pas et fait partie int\u00e9grante de l\u2019exp\u00e9rience Dfrost.<\/p>\n","protected":false},"excerpt":{"rendered":"<p>Yoga Shala \u2013 Flow avec l\u2019\u00e9nergie de l\u2019oc\u00e9an \u00c0 partir de septembre 2026, notre nouveau Yoga Shala r\u00e9nov\u00e9 au Seaside Boutique Hotel sera \u00e0 votre disposition \u2013 un espace moderne et ferm\u00e9, climatis\u00e9 pour un confort optimal, avec la possibilit\u00e9 d\u2019ouvrir les fen\u00eatres pour cr\u00e9er une sensation fluide entre int\u00e9rieur et ext\u00e9rieur, port\u00e9e par la [&hellip;]<\/p>\n","protected":false},"author":3,"featured_media":0,"parent":0,"menu_order":0,"comment_status":"closed","ping_status":"closed","template":"","meta":{"_acf_changed":false,"footnotes":""},"class_list":["post-3243","page","type-page","status-publish","hentry"],"acf":[],"yoast_head":"<!-- This site is optimized with the Yoast SEO plugin v27.3 - https:\/\/yoast.com\/product\/yoast-seo-wordpress\/ -->\n<title>Taghazout Yoga - DFrost Almugar Surf &amp; Yoga au Maroc<\/title>\n<meta name=\"description\" content=\"Taghazout Yoga signifie: profitez de deux cours de yoga quotidiens d&#039;une dur\u00e9e de 60 minutes, \u00e0 la mani\u00e8re de Vinyasa et de Yin, sur notre &quot;Yoga-Shala&quot;.\" \/>\n<meta name=\"robots\" content=\"index, follow, max-snippet:-1, max-image-preview:large, max-video-preview:-1\" \/>\n<link rel=\"canonical\" href=\"https:\/\/www.dfrostsurfandyoga.com\/fr\/taghazout-yoga\" \/>\n<meta property=\"og:locale\" content=\"fr_FR\" \/>\n<meta property=\"og:type\" content=\"article\" \/>\n<meta property=\"og:title\" content=\"Taghazout Yoga - DFrost Almugar Surf &amp; Yoga au Maroc\" \/>\n<meta property=\"og:description\" content=\"Taghazout Yoga signifie: profitez de deux cours de yoga quotidiens d&#039;une dur\u00e9e de 60 minutes, \u00e0 la mani\u00e8re de Vinyasa et de Yin, sur notre &quot;Yoga-Shala&quot;.\" \/>\n<meta property=\"og:url\" content=\"https:\/\/www.dfrostsurfandyoga.com\/fr\/taghazout-yoga\" \/>\n<meta property=\"og:site_name\" content=\"DFrost Almugar Surf &amp; Yoga\" \/>\n<meta property=\"article:modified_time\" content=\"2026-04-07T10:41:48+00:00\" \/>\n<meta name=\"twitter:card\" content=\"summary_large_image\" \/>\n<meta name=\"twitter:label1\" content=\"Dur\u00e9e de lecture estim\u00e9e\" \/>\n\t<meta name=\"twitter:data1\" content=\"3 minutes\" \/>\n<script type=\"application\/ld+json\" class=\"yoast-schema-graph\">{\"@context\":\"https:\\\/\\\/schema.org\",\"@graph\":[{\"@type\":\"WebPage\",\"@id\":\"https:\\\/\\\/www.dfrostsurfandyoga.com\\\/fr\\\/taghazout-yoga\",\"url\":\"https:\\\/\\\/www.dfrostsurfandyoga.com\\\/fr\\\/taghazout-yoga\",\"name\":\"Taghazout Yoga - DFrost Almugar Surf & Yoga au Maroc\",\"isPartOf\":{\"@id\":\"https:\\\/\\\/www.dfrostsurfandyoga.com\\\/fr#website\"},\"datePublished\":\"2019-04-28T12:50:32+00:00\",\"dateModified\":\"2026-04-07T10:41:48+00:00\",\"description\":\"Taghazout Yoga signifie: profitez de deux cours de yoga quotidiens d'une dur\u00e9e de 60 minutes, \u00e0 la mani\u00e8re de Vinyasa et de Yin, sur notre \\\"Yoga-Shala\\\".\",\"breadcrumb\":{\"@id\":\"https:\\\/\\\/www.dfrostsurfandyoga.com\\\/fr\\\/taghazout-yoga#breadcrumb\"},\"inLanguage\":\"fr-FR\",\"potentialAction\":[{\"@type\":\"ReadAction\",\"target\":[\"https:\\\/\\\/www.dfrostsurfandyoga.com\\\/fr\\\/taghazout-yoga\"]}]},{\"@type\":\"BreadcrumbList\",\"@id\":\"https:\\\/\\\/www.dfrostsurfandyoga.com\\\/fr\\\/taghazout-yoga#breadcrumb\",\"itemListElement\":[{\"@type\":\"ListItem\",\"position\":1,\"name\":\"Home\",\"item\":\"https:\\\/\\\/www.dfrostsurfandyoga.com\\\/fr\"},{\"@type\":\"ListItem\",\"position\":2,\"name\":\"Taghazout Yoga\"}]},{\"@type\":\"WebSite\",\"@id\":\"https:\\\/\\\/www.dfrostsurfandyoga.com\\\/fr#website\",\"url\":\"https:\\\/\\\/www.dfrostsurfandyoga.com\\\/fr\",\"name\":\"DFrost Almugar Surf &amp; Yoga\",\"description\":\"\",\"potentialAction\":[{\"@type\":\"SearchAction\",\"target\":{\"@type\":\"EntryPoint\",\"urlTemplate\":\"https:\\\/\\\/www.dfrostsurfandyoga.com\\\/fr?s={search_term_string}\"},\"query-input\":{\"@type\":\"PropertyValueSpecification\",\"valueRequired\":true,\"valueName\":\"search_term_string\"}}],\"inLanguage\":\"fr-FR\"}]}<\/script>\n<!-- \/ Yoast SEO plugin. -->","yoast_head_json":{"title":"Taghazout Yoga - DFrost Almugar Surf & Yoga au Maroc","description":"Taghazout Yoga signifie: profitez de deux cours de yoga quotidiens d'une dur\u00e9e de 60 minutes, \u00e0 la mani\u00e8re de Vinyasa et de Yin, sur notre \"Yoga-Shala\".","robots":{"index":"index","follow":"follow","max-snippet":"max-snippet:-1","max-image-preview":"max-image-preview:large","max-video-preview":"max-video-preview:-1"},"canonical":"https:\/\/www.dfrostsurfandyoga.com\/fr\/taghazout-yoga","og_locale":"fr_FR","og_type":"article","og_title":"Taghazout Yoga - DFrost Almugar Surf & Yoga au Maroc","og_description":"Taghazout Yoga signifie: profitez de deux cours de yoga quotidiens d'une dur\u00e9e de 60 minutes, \u00e0 la mani\u00e8re de Vinyasa et de Yin, sur notre \"Yoga-Shala\".","og_url":"https:\/\/www.dfrostsurfandyoga.com\/fr\/taghazout-yoga","og_site_name":"DFrost Almugar Surf &amp; Yoga","article_modified_time":"2026-04-07T10:41:48+00:00","twitter_card":"summary_large_image","twitter_misc":{"Dur\u00e9e de lecture estim\u00e9e":"3 minutes"},"schema":{"@context":"https:\/\/schema.org","@graph":[{"@type":"WebPage","@id":"https:\/\/www.dfrostsurfandyoga.com\/fr\/taghazout-yoga","url":"https:\/\/www.dfrostsurfandyoga.com\/fr\/taghazout-yoga","name":"Taghazout Yoga - DFrost Almugar Surf & Yoga au Maroc","isPartOf":{"@id":"https:\/\/www.dfrostsurfandyoga.com\/fr#website"},"datePublished":"2019-04-28T12:50:32+00:00","dateModified":"2026-04-07T10:41:48+00:00","description":"Taghazout Yoga signifie: profitez de deux cours de yoga quotidiens d'une dur\u00e9e de 60 minutes, \u00e0 la mani\u00e8re de Vinyasa et de Yin, sur notre \"Yoga-Shala\".","breadcrumb":{"@id":"https:\/\/www.dfrostsurfandyoga.com\/fr\/taghazout-yoga#breadcrumb"},"inLanguage":"fr-FR","potentialAction":[{"@type":"ReadAction","target":["https:\/\/www.dfrostsurfandyoga.com\/fr\/taghazout-yoga"]}]},{"@type":"BreadcrumbList","@id":"https:\/\/www.dfrostsurfandyoga.com\/fr\/taghazout-yoga#breadcrumb","itemListElement":[{"@type":"ListItem","position":1,"name":"Home","item":"https:\/\/www.dfrostsurfandyoga.com\/fr"},{"@type":"ListItem","position":2,"name":"Taghazout Yoga"}]},{"@type":"WebSite","@id":"https:\/\/www.dfrostsurfandyoga.com\/fr#website","url":"https:\/\/www.dfrostsurfandyoga.com\/fr","name":"DFrost Almugar Surf &amp; Yoga","description":"","potentialAction":[{"@type":"SearchAction","target":{"@type":"EntryPoint","urlTemplate":"https:\/\/www.dfrostsurfandyoga.com\/fr?s={search_term_string}"},"query-input":{"@type":"PropertyValueSpecification","valueRequired":true,"valueName":"search_term_string"}}],"inLanguage":"fr-FR"}]}},"_links":{"self":[{"href":"https:\/\/www.dfrostsurfandyoga.com\/fr\/wp-json\/wp\/v2\/pages\/3243","targetHints":{"allow":["GET"]}}],"collection":[{"href":"https:\/\/www.dfrostsurfandyoga.com\/fr\/wp-json\/wp\/v2\/pages"}],"about":[{"href":"https:\/\/www.dfrostsurfandyoga.com\/fr\/wp-json\/wp\/v2\/types\/page"}],"author":[{"embeddable":true,"href":"https:\/\/www.dfrostsurfandyoga.com\/fr\/wp-json\/wp\/v2\/users\/3"}],"replies":[{"embeddable":true,"href":"https:\/\/www.dfrostsurfandyoga.com\/fr\/wp-json\/wp\/v2\/comments?post=3243"}],"version-history":[{"count":5,"href":"https:\/\/www.dfrostsurfandyoga.com\/fr\/wp-json\/wp\/v2\/pages\/3243\/revisions"}],"predecessor-version":[{"id":7505,"href":"https:\/\/www.dfrostsurfandyoga.com\/fr\/wp-json\/wp\/v2\/pages\/3243\/revisions\/7505"}],"wp:attachment":[{"href":"https:\/\/www.dfrostsurfandyoga.com\/fr\/wp-json\/wp\/v2\/media?parent=3243"}],"curies":[{"name":"wp","href":"https:\/\/api.w.org\/{rel}","templated":true}]}}