{"id":5480,"date":"2020-12-24T11:14:56","date_gmt":"2020-12-24T10:14:56","guid":{"rendered":"https:\/\/www.dfrostsurfandyoga.com\/?page_id=5480"},"modified":"2026-04-10T12:30:37","modified_gmt":"2026-04-10T10:30:37","slug":"yoga-ocean-dfrost","status":"publish","type":"page","link":"https:\/\/www.dfrostsurfandyoga.com\/fr\/yoga-ocean-dfrost","title":{"rendered":"Yoga Shala"},"content":{"rendered":"<p><b>Yoga Shala \u2013 Flow avec l\u2019\u00e9nergie de l\u2019oc\u00e9an<\/b><b><\/b><\/p>\n<p>\u00c0 partir de septembre 2026, notre nouveau Yoga Shala r\u00e9nov\u00e9 au Seaside Boutique Hotel sera \u00e0 votre disposition \u2013 un espace moderne et ferm\u00e9, climatis\u00e9 pour un confort optimal, avec la possibilit\u00e9 d\u2019ouvrir les fen\u00eatres pour cr\u00e9er une sensation fluide entre int\u00e9rieur et ext\u00e9rieur, port\u00e9e par la brise marine.<\/p>\n","protected":false},"excerpt":{"rendered":"<p>Yoga Shala \u2013 Flow avec l\u2019\u00e9nergie de l\u2019oc\u00e9an \u00c0 partir de septembre 2026, notre nouveau Yoga Shala r\u00e9nov\u00e9 au Seaside Boutique Hotel sera \u00e0 votre disposition \u2013 un espace moderne et ferm\u00e9, climatis\u00e9 pour un confort optimal, avec la possibilit\u00e9 d\u2019ouvrir les fen\u00eatres pour cr\u00e9er une sensation fluide entre int\u00e9rieur et ext\u00e9rieur, port\u00e9e par la [&hellip;]<\/p>\n","protected":false},"author":3,"featured_media":0,"parent":0,"menu_order":0,"comment_status":"closed","ping_status":"closed","template":"","meta":{"_acf_changed":false,"footnotes":""},"class_list":["post-5480","page","type-page","status-publish","hentry"],"acf":[],"yoast_head":"<!-- This site is optimized with the Yoast SEO plugin v27.3 - https:\/\/yoast.com\/product\/yoast-seo-wordpress\/ -->\n<title>Yoga face \u00e0 l&#039;oc\u00e9an<\/title>\n<meta name=\"description\" content=\"Seaside Yoga Shala by Dfrost Almugar Surf &amp; Yoga Maroc - Yoga au bord de la m\u00e8r\" \/>\n<meta name=\"robots\" content=\"index, follow, max-snippet:-1, max-image-preview:large, max-video-preview:-1\" \/>\n<link rel=\"canonical\" href=\"https:\/\/www.dfrostsurfandyoga.com\/fr\/yoga-ocean-dfrost\" \/>\n<meta property=\"og:locale\" content=\"fr_FR\" \/>\n<meta property=\"og:type\" content=\"article\" \/>\n<meta property=\"og:title\" content=\"Yoga face \u00e0 l&#039;oc\u00e9an\" \/>\n<meta property=\"og:description\" content=\"Seaside Yoga Shala by Dfrost Almugar Surf &amp; Yoga Maroc - Yoga au bord de la m\u00e8r\" \/>\n<meta property=\"og:url\" content=\"https:\/\/www.dfrostsurfandyoga.com\/fr\/yoga-ocean-dfrost\" \/>\n<meta property=\"og:site_name\" content=\"DFrost Almugar Surf &amp; Yoga\" \/>\n<meta property=\"article:modified_time\" content=\"2026-04-10T10:30:37+00:00\" \/>\n<meta name=\"twitter:card\" content=\"summary_large_image\" \/>\n<meta name=\"twitter:label1\" content=\"Dur\u00e9e de lecture estim\u00e9e\" \/>\n\t<meta name=\"twitter:data1\" content=\"3 minutes\" \/>\n<script type=\"application\/ld+json\" class=\"yoast-schema-graph\">{\"@context\":\"https:\\\/\\\/schema.org\",\"@graph\":[{\"@type\":\"WebPage\",\"@id\":\"https:\\\/\\\/www.dfrostsurfandyoga.com\\\/fr\\\/yoga-ocean-dfrost\",\"url\":\"https:\\\/\\\/www.dfrostsurfandyoga.com\\\/fr\\\/yoga-ocean-dfrost\",\"name\":\"Yoga face \u00e0 l'oc\u00e9an\",\"isPartOf\":{\"@id\":\"https:\\\/\\\/www.dfrostsurfandyoga.com\\\/fr#website\"},\"datePublished\":\"2020-12-24T10:14:56+00:00\",\"dateModified\":\"2026-04-10T10:30:37+00:00\",\"description\":\"Seaside Yoga Shala by Dfrost Almugar Surf & Yoga Maroc - Yoga au bord de la m\u00e8r\",\"breadcrumb\":{\"@id\":\"https:\\\/\\\/www.dfrostsurfandyoga.com\\\/fr\\\/yoga-ocean-dfrost#breadcrumb\"},\"inLanguage\":\"fr-FR\",\"potentialAction\":[{\"@type\":\"ReadAction\",\"target\":[\"https:\\\/\\\/www.dfrostsurfandyoga.com\\\/fr\\\/yoga-ocean-dfrost\"]}]},{\"@type\":\"BreadcrumbList\",\"@id\":\"https:\\\/\\\/www.dfrostsurfandyoga.com\\\/fr\\\/yoga-ocean-dfrost#breadcrumb\",\"itemListElement\":[{\"@type\":\"ListItem\",\"position\":1,\"name\":\"Home\",\"item\":\"https:\\\/\\\/www.dfrostsurfandyoga.com\\\/fr\"},{\"@type\":\"ListItem\",\"position\":2,\"name\":\"Yoga Shala\"}]},{\"@type\":\"WebSite\",\"@id\":\"https:\\\/\\\/www.dfrostsurfandyoga.com\\\/fr#website\",\"url\":\"https:\\\/\\\/www.dfrostsurfandyoga.com\\\/fr\",\"name\":\"DFrost Almugar Surf &amp; Yoga\",\"description\":\"\",\"potentialAction\":[{\"@type\":\"SearchAction\",\"target\":{\"@type\":\"EntryPoint\",\"urlTemplate\":\"https:\\\/\\\/www.dfrostsurfandyoga.com\\\/fr?s={search_term_string}\"},\"query-input\":{\"@type\":\"PropertyValueSpecification\",\"valueRequired\":true,\"valueName\":\"search_term_string\"}}],\"inLanguage\":\"fr-FR\"}]}<\/script>\n<!-- \/ Yoast SEO plugin. -->","yoast_head_json":{"title":"Yoga face \u00e0 l'oc\u00e9an","description":"Seaside Yoga Shala by Dfrost Almugar Surf & Yoga Maroc - Yoga au bord de la m\u00e8r","robots":{"index":"index","follow":"follow","max-snippet":"max-snippet:-1","max-image-preview":"max-image-preview:large","max-video-preview":"max-video-preview:-1"},"canonical":"https:\/\/www.dfrostsurfandyoga.com\/fr\/yoga-ocean-dfrost","og_locale":"fr_FR","og_type":"article","og_title":"Yoga face \u00e0 l'oc\u00e9an","og_description":"Seaside Yoga Shala by Dfrost Almugar Surf & Yoga Maroc - Yoga au bord de la m\u00e8r","og_url":"https:\/\/www.dfrostsurfandyoga.com\/fr\/yoga-ocean-dfrost","og_site_name":"DFrost Almugar Surf &amp; Yoga","article_modified_time":"2026-04-10T10:30:37+00:00","twitter_card":"summary_large_image","twitter_misc":{"Dur\u00e9e de lecture estim\u00e9e":"3 minutes"},"schema":{"@context":"https:\/\/schema.org","@graph":[{"@type":"WebPage","@id":"https:\/\/www.dfrostsurfandyoga.com\/fr\/yoga-ocean-dfrost","url":"https:\/\/www.dfrostsurfandyoga.com\/fr\/yoga-ocean-dfrost","name":"Yoga face \u00e0 l'oc\u00e9an","isPartOf":{"@id":"https:\/\/www.dfrostsurfandyoga.com\/fr#website"},"datePublished":"2020-12-24T10:14:56+00:00","dateModified":"2026-04-10T10:30:37+00:00","description":"Seaside Yoga Shala by Dfrost Almugar Surf & Yoga Maroc - Yoga au bord de la m\u00e8r","breadcrumb":{"@id":"https:\/\/www.dfrostsurfandyoga.com\/fr\/yoga-ocean-dfrost#breadcrumb"},"inLanguage":"fr-FR","potentialAction":[{"@type":"ReadAction","target":["https:\/\/www.dfrostsurfandyoga.com\/fr\/yoga-ocean-dfrost"]}]},{"@type":"BreadcrumbList","@id":"https:\/\/www.dfrostsurfandyoga.com\/fr\/yoga-ocean-dfrost#breadcrumb","itemListElement":[{"@type":"ListItem","position":1,"name":"Home","item":"https:\/\/www.dfrostsurfandyoga.com\/fr"},{"@type":"ListItem","position":2,"name":"Yoga Shala"}]},{"@type":"WebSite","@id":"https:\/\/www.dfrostsurfandyoga.com\/fr#website","url":"https:\/\/www.dfrostsurfandyoga.com\/fr","name":"DFrost Almugar Surf &amp; Yoga","description":"","potentialAction":[{"@type":"SearchAction","target":{"@type":"EntryPoint","urlTemplate":"https:\/\/www.dfrostsurfandyoga.com\/fr?s={search_term_string}"},"query-input":{"@type":"PropertyValueSpecification","valueRequired":true,"valueName":"search_term_string"}}],"inLanguage":"fr-FR"}]}},"_links":{"self":[{"href":"https:\/\/www.dfrostsurfandyoga.com\/fr\/wp-json\/wp\/v2\/pages\/5480","targetHints":{"allow":["GET"]}}],"collection":[{"href":"https:\/\/www.dfrostsurfandyoga.com\/fr\/wp-json\/wp\/v2\/pages"}],"about":[{"href":"https:\/\/www.dfrostsurfandyoga.com\/fr\/wp-json\/wp\/v2\/types\/page"}],"author":[{"embeddable":true,"href":"https:\/\/www.dfrostsurfandyoga.com\/fr\/wp-json\/wp\/v2\/users\/3"}],"replies":[{"embeddable":true,"href":"https:\/\/www.dfrostsurfandyoga.com\/fr\/wp-json\/wp\/v2\/comments?post=5480"}],"version-history":[{"count":5,"href":"https:\/\/www.dfrostsurfandyoga.com\/fr\/wp-json\/wp\/v2\/pages\/5480\/revisions"}],"predecessor-version":[{"id":7565,"href":"https:\/\/www.dfrostsurfandyoga.com\/fr\/wp-json\/wp\/v2\/pages\/5480\/revisions\/7565"}],"wp:attachment":[{"href":"https:\/\/www.dfrostsurfandyoga.com\/fr\/wp-json\/wp\/v2\/media?parent=5480"}],"curies":[{"name":"wp","href":"https:\/\/api.w.org\/{rel}","templated":true}]}}